{"id":1005,"date":"2022-06-14T16:24:56","date_gmt":"2022-06-14T14:24:56","guid":{"rendered":"https:\/\/www.vga-fr.org\/sections\/danse\/?page_id=1005"},"modified":"2022-06-17T11:19:27","modified_gmt":"2022-06-17T09:19:27","slug":"activites","status":"publish","type":"page","link":"https:\/\/www.vga-fr.org\/sections\/danse\/activites\/","title":{"rendered":"Activit\u00e9s"},"content":{"rendered":"<h1><\/h1>\n<h1><\/h1>\n<h1><strong>\u00c9VEIL\/INITIATION DANSE POUR LES 3 &#8211; 5 ANS<\/strong><\/h1>\n<hr \/>\n<p>D\u00e8s 3 ans, on peut commencer la danse ! Mais au d\u00e9but, les 3 premi\u00e8res ann\u00e9es, 3 , 4 et 5 ans, on appelle \u00e7a \u201c\u00e9veil corporel\u201d ou \u201c initiation\u201d<br \/>\nMais c\u2019est bien de danse dont il s\u2019agit d\u00e9j\u00e0 avec des mouvements et des apprentissages adapt\u00e9s aux corps des plus petits. On apprend les bases classiques mod\u00e9r\u00e9ment.<\/p>\n\n\t\t<style type=\"text\/css\">\n\t\t\t#gallery-1 {\n\t\t\t\tmargin: auto;\n\t\t\t}\n\t\t\t#gallery-1 .gallery-item {\n\t\t\t\tfloat: left;\n\t\t\t\tmargin-top: 10px;\n\t\t\t\ttext-align: center;\n\t\t\t\twidth: 25%;\n\t\t\t}\n\t\t\t#gallery-1 img {\n\t\t\t\tborder: 2px solid #cfcfcf;\n\t\t\t}\n\t\t\t#gallery-1 .gallery-caption {\n\t\t\t\tmargin-left: 0;\n\t\t\t}\n\t\t\t\/* see gallery_shortcode() in wp-includes\/media.php *\/\n\t\t<\/style>\n\t\t<div id='gallery-1' class='gallery galleryid-1005 gallery-columns-4 gallery-size-medium'><dl class='gallery-item'>\n\t\t\t<dt class='gallery-icon landscape'>\n\t\t\t\t<a href='https:\/\/www.vga-fr.org\/sections\/danse\/wp-content\/uploads\/sites\/37\/2022\/06\/IMG_1467-scaled.jpg'><img width=\"300\" height=\"225\" src=\"https:\/\/www.vga-fr.org\/sections\/danse\/wp-content\/uploads\/sites\/37\/2022\/06\/IMG_1467-300x225.jpg\" class=\"attachment-medium size-medium\" alt=\"\" loading=\"lazy\" \/><\/a>\n\t\t\t<\/dt><\/dl><dl class='gallery-item'>\n\t\t\t<dt class='gallery-icon landscape'>\n\t\t\t\t<a href='https:\/\/www.vga-fr.org\/sections\/danse\/wp-content\/uploads\/sites\/37\/2022\/06\/IMG_1468-scaled.jpg'><img width=\"300\" height=\"225\" src=\"https:\/\/www.vga-fr.org\/sections\/danse\/wp-content\/uploads\/sites\/37\/2022\/06\/IMG_1468-300x225.jpg\" class=\"attachment-medium size-medium\" alt=\"\" loading=\"lazy\" \/><\/a>\n\t\t\t<\/dt><\/dl><dl class='gallery-item'>\n\t\t\t<dt class='gallery-icon landscape'>\n\t\t\t\t<a href='https:\/\/www.vga-fr.org\/sections\/danse\/wp-content\/uploads\/sites\/37\/2022\/06\/IMG_1469-scaled.jpg'><img width=\"300\" height=\"225\" src=\"https:\/\/www.vga-fr.org\/sections\/danse\/wp-content\/uploads\/sites\/37\/2022\/06\/IMG_1469-300x225.jpg\" class=\"attachment-medium size-medium\" alt=\"\" loading=\"lazy\" \/><\/a>\n\t\t\t<\/dt><\/dl><dl class='gallery-item'>\n\t\t\t<dt class='gallery-icon landscape'>\n\t\t\t\t<a href='https:\/\/www.vga-fr.org\/sections\/danse\/wp-content\/uploads\/sites\/37\/2022\/06\/image001-7-scaled-e1655282684444.jpg'><img width=\"300\" height=\"229\" src=\"https:\/\/www.vga-fr.org\/sections\/danse\/wp-content\/uploads\/sites\/37\/2022\/06\/image001-7-scaled-e1655282684444-300x229.jpg\" class=\"attachment-medium size-medium\" alt=\"\" loading=\"lazy\" \/><\/a>\n\t\t\t<\/dt><\/dl><br style=\"clear: both\" \/>\n\t\t<\/div>\n\n<p>&nbsp;<\/p>\n<h1><strong>DANSE RYTHMIQUE POUR LES 5 &#8211; 7 ANS<\/strong><\/h1>\n<hr \/>\n<p>C&rsquo;est une formation de base et son int\u00e9r\u00eat repose sur une parfaite connaissance du d\u00e9veloppement psychomoteur de l&rsquo;enfant \u00e0 l&rsquo;\u00e2ge adulte. Son enseignement permet de conna\u00eetre son corps, de le maitriser, de se d\u00e9placer rythmiquement et musicalement dans l&rsquo;espace.<\/p>\n<p>Mais c\u2019est bien de danse dont il s\u2019agit, avec des mouvements et des apprentissages adapt\u00e9s aux corps des petits. On apprend les bases classiques mais aussi street jazz pour pouvoir, d\u00e8s 8 ans commencer les cours de danse street jazz !<\/p>\n\n\t\t<style type=\"text\/css\">\n\t\t\t#gallery-2 {\n\t\t\t\tmargin: auto;\n\t\t\t}\n\t\t\t#gallery-2 .gallery-item {\n\t\t\t\tfloat: left;\n\t\t\t\tmargin-top: 10px;\n\t\t\t\ttext-align: center;\n\t\t\t\twidth: 25%;\n\t\t\t}\n\t\t\t#gallery-2 img {\n\t\t\t\tborder: 2px solid #cfcfcf;\n\t\t\t}\n\t\t\t#gallery-2 .gallery-caption {\n\t\t\t\tmargin-left: 0;\n\t\t\t}\n\t\t\t\/* see gallery_shortcode() in wp-includes\/media.php *\/\n\t\t<\/style>\n\t\t<div id='gallery-2' class='gallery galleryid-1005 gallery-columns-4 gallery-size-medium'><dl class='gallery-item'>\n\t\t\t<dt class='gallery-icon landscape'>\n\t\t\t\t<a href='https:\/\/www.vga-fr.org\/sections\/danse\/wp-content\/uploads\/sites\/37\/2022\/06\/IMG_1436-scaled.jpg'><img width=\"300\" height=\"225\" src=\"https:\/\/www.vga-fr.org\/sections\/danse\/wp-content\/uploads\/sites\/37\/2022\/06\/IMG_1436-300x225.jpg\" class=\"attachment-medium size-medium\" alt=\"\" loading=\"lazy\" \/><\/a>\n\t\t\t<\/dt><\/dl><dl class='gallery-item'>\n\t\t\t<dt class='gallery-icon landscape'>\n\t\t\t\t<a href='https:\/\/www.vga-fr.org\/sections\/danse\/wp-content\/uploads\/sites\/37\/2022\/06\/IMG_1432-scaled.jpg'><img width=\"300\" height=\"225\" src=\"https:\/\/www.vga-fr.org\/sections\/danse\/wp-content\/uploads\/sites\/37\/2022\/06\/IMG_1432-300x225.jpg\" class=\"attachment-medium size-medium\" alt=\"\" loading=\"lazy\" \/><\/a>\n\t\t\t<\/dt><\/dl><dl class='gallery-item'>\n\t\t\t<dt class='gallery-icon landscape'>\n\t\t\t\t<a href='https:\/\/www.vga-fr.org\/sections\/danse\/wp-content\/uploads\/sites\/37\/2022\/06\/image002-1-scaled-e1655282914900.jpg'><img width=\"300\" height=\"230\" src=\"https:\/\/www.vga-fr.org\/sections\/danse\/wp-content\/uploads\/sites\/37\/2022\/06\/image002-1-scaled-e1655282914900-300x230.jpg\" class=\"attachment-medium size-medium\" alt=\"\" loading=\"lazy\" \/><\/a>\n\t\t\t<\/dt><\/dl><dl class='gallery-item'>\n\t\t\t<dt class='gallery-icon landscape'>\n\t\t\t\t<a href='https:\/\/www.vga-fr.org\/sections\/danse\/wp-content\/uploads\/sites\/37\/2022\/06\/image001-6-scaled-e1655282934616.jpg'><img width=\"300\" height=\"230\" src=\"https:\/\/www.vga-fr.org\/sections\/danse\/wp-content\/uploads\/sites\/37\/2022\/06\/image001-6-scaled-e1655282934616-300x230.jpg\" class=\"attachment-medium size-medium\" alt=\"\" loading=\"lazy\" \/><\/a>\n\t\t\t<\/dt><\/dl><br style=\"clear: both\" \/>\n\t\t<\/div>\n\n<h1><\/h1>\n<h1><\/h1>\n<p>&nbsp;<\/p>\n<h1><strong>STREET JAZZ \u00c0 PARTIR DE 7 ANS<\/strong><\/h1>\n<hr \/>\n<p>Inspir\u00e9 du Modern jazz avec des accents de hip hop, le Street Jazz permet de lib\u00e9rer son \u00e9nergie sur des rythmes syncop\u00e9s, tout en favorisant l&rsquo;expression individuelle et le bien-\u00eatre.<\/p>\n\n\t\t<style type=\"text\/css\">\n\t\t\t#gallery-3 {\n\t\t\t\tmargin: auto;\n\t\t\t}\n\t\t\t#gallery-3 .gallery-item {\n\t\t\t\tfloat: left;\n\t\t\t\tmargin-top: 10px;\n\t\t\t\ttext-align: center;\n\t\t\t\twidth: 25%;\n\t\t\t}\n\t\t\t#gallery-3 img {\n\t\t\t\tborder: 2px solid #cfcfcf;\n\t\t\t}\n\t\t\t#gallery-3 .gallery-caption {\n\t\t\t\tmargin-left: 0;\n\t\t\t}\n\t\t\t\/* see gallery_shortcode() in wp-includes\/media.php *\/\n\t\t<\/style>\n\t\t<div id='gallery-3' class='gallery galleryid-1005 gallery-columns-4 gallery-size-medium'><dl class='gallery-item'>\n\t\t\t<dt class='gallery-icon landscape'>\n\t\t\t\t<a href='https:\/\/www.vga-fr.org\/sections\/danse\/wp-content\/uploads\/sites\/37\/2022\/06\/IMG_1439-scaled.jpg'><img width=\"300\" height=\"225\" src=\"https:\/\/www.vga-fr.org\/sections\/danse\/wp-content\/uploads\/sites\/37\/2022\/06\/IMG_1439-300x225.jpg\" class=\"attachment-medium size-medium\" alt=\"\" loading=\"lazy\" \/><\/a>\n\t\t\t<\/dt><\/dl>\n\t\t\t<br style='clear: both' \/>\n\t\t<\/div>\n\n<p>&nbsp;<\/p>\n<h1><strong>STRECHING ADULTES<\/strong><\/h1>\n<hr \/>\n<h1><\/h1>\n\n\t\t<style type=\"text\/css\">\n\t\t\t#gallery-4 {\n\t\t\t\tmargin: auto;\n\t\t\t}\n\t\t\t#gallery-4 .gallery-item {\n\t\t\t\tfloat: left;\n\t\t\t\tmargin-top: 10px;\n\t\t\t\ttext-align: center;\n\t\t\t\twidth: 25%;\n\t\t\t}\n\t\t\t#gallery-4 img {\n\t\t\t\tborder: 2px solid #cfcfcf;\n\t\t\t}\n\t\t\t#gallery-4 .gallery-caption {\n\t\t\t\tmargin-left: 0;\n\t\t\t}\n\t\t\t\/* see gallery_shortcode() in wp-includes\/media.php *\/\n\t\t<\/style>\n\t\t<div id='gallery-4' class='gallery galleryid-1005 gallery-columns-4 gallery-size-medium'><dl class='gallery-item'>\n\t\t\t<dt class='gallery-icon landscape'>\n\t\t\t\t<a href='https:\/\/www.vga-fr.org\/sections\/danse\/wp-content\/uploads\/sites\/37\/2022\/06\/IMG_1493-scaled.jpg'><img width=\"300\" height=\"225\" src=\"https:\/\/www.vga-fr.org\/sections\/danse\/wp-content\/uploads\/sites\/37\/2022\/06\/IMG_1493-300x225.jpg\" class=\"attachment-medium size-medium\" alt=\"\" loading=\"lazy\" \/><\/a>\n\t\t\t<\/dt><\/dl><dl class='gallery-item'>\n\t\t\t<dt class='gallery-icon landscape'>\n\t\t\t\t<a href='https:\/\/www.vga-fr.org\/sections\/danse\/wp-content\/uploads\/sites\/37\/2022\/06\/IMG_1492-scaled.jpg'><img width=\"300\" height=\"225\" src=\"https:\/\/www.vga-fr.org\/sections\/danse\/wp-content\/uploads\/sites\/37\/2022\/06\/IMG_1492-300x225.jpg\" class=\"attachment-medium size-medium\" alt=\"\" loading=\"lazy\" \/><\/a>\n\t\t\t<\/dt><\/dl><dl class='gallery-item'>\n\t\t\t<dt class='gallery-icon landscape'>\n\t\t\t\t<a href='https:\/\/www.vga-fr.org\/sections\/danse\/wp-content\/uploads\/sites\/37\/2022\/06\/IMG_1491-scaled.jpg'><img width=\"300\" height=\"225\" src=\"https:\/\/www.vga-fr.org\/sections\/danse\/wp-content\/uploads\/sites\/37\/2022\/06\/IMG_1491-300x225.jpg\" class=\"attachment-medium size-medium\" alt=\"\" loading=\"lazy\" \/><\/a>\n\t\t\t<\/dt><\/dl><dl class='gallery-item'>\n\t\t\t<dt class='gallery-icon landscape'>\n\t\t\t\t<a href='https:\/\/www.vga-fr.org\/sections\/danse\/wp-content\/uploads\/sites\/37\/2022\/06\/IMG_1490-scaled.jpg'><img width=\"300\" height=\"225\" src=\"https:\/\/www.vga-fr.org\/sections\/danse\/wp-content\/uploads\/sites\/37\/2022\/06\/IMG_1490-300x225.jpg\" class=\"attachment-medium size-medium\" alt=\"\" loading=\"lazy\" \/><\/a>\n\t\t\t<\/dt><\/dl><br style=\"clear: both\" \/>\n\t\t<\/div>\n\n","protected":false},"excerpt":{"rendered":"<p>\u00c9VEIL\/INITIATION DANSE POUR LES 3 &#8211; 5 ANS D\u00e8s 3 ans, on peut commencer la danse ! Mais au d\u00e9but, les 3 premi\u00e8res ann\u00e9es, 3 , 4 et 5 ans, on appelle \u00e7a \u201c\u00e9veil corporel\u201d ou \u201c initiation\u201d Mais c\u2019est bien de danse dont il s\u2019agit d\u00e9j\u00e0 avec des mouvements et des apprentissages adapt\u00e9s aux [&hellip;]<\/p>\n","protected":false},"author":10,"featured_media":0,"parent":0,"menu_order":3,"comment_status":"closed","ping_status":"closed","template":"","meta":{"_seopress_robots_primary_cat":"","_et_pb_use_builder":"","_et_pb_old_content":"","_et_gb_content_width":""},"_links":{"self":[{"href":"https:\/\/www.vga-fr.org\/sections\/danse\/wp-json\/wp\/v2\/pages\/1005"}],"collection":[{"href":"https:\/\/www.vga-fr.org\/sections\/danse\/wp-json\/wp\/v2\/pages"}],"about":[{"href":"https:\/\/www.vga-fr.org\/sections\/danse\/wp-json\/wp\/v2\/types\/page"}],"author":[{"embeddable":true,"href":"https:\/\/www.vga-fr.org\/sections\/danse\/wp-json\/wp\/v2\/users\/10"}],"replies":[{"embeddable":true,"href":"https:\/\/www.vga-fr.org\/sections\/danse\/wp-json\/wp\/v2\/comments?post=1005"}],"version-history":[{"count":17,"href":"https:\/\/www.vga-fr.org\/sections\/danse\/wp-json\/wp\/v2\/pages\/1005\/revisions"}],"predecessor-version":[{"id":1038,"href":"https:\/\/www.vga-fr.org\/sections\/danse\/wp-json\/wp\/v2\/pages\/1005\/revisions\/1038"}],"wp:attachment":[{"href":"https:\/\/www.vga-fr.org\/sections\/danse\/wp-json\/wp\/v2\/media?parent=1005"}],"curies":[{"name":"wp","href":"https:\/\/api.w.org\/{rel}","templated":true}]}}